{"id":19,"date":"2020-01-21T15:43:21","date_gmt":"2020-01-21T15:43:21","guid":{"rendered":"https:\/\/ld-wp73.template-help.com\/monstroid2\/skins\/logimove\/?page_id=19"},"modified":"2020-11-06T12:49:00","modified_gmt":"2020-11-06T11:49:00","slug":"bodiprostovoljec","status":"publish","type":"page","link":"https:\/\/igrajsezmano.eu\/?page_id=19","title":{"rendered":"Bodi prostovoljec"},"content":{"rendered":"\t\t<div data-elementor-type=\"wp-page\" data-elementor-id=\"19\" class=\"elementor elementor-19\" data-elementor-settings=\"[]\">\n\t\t\t\t\t\t<div class=\"elementor-inner\">\n\t\t\t\t\t\t\t<div class=\"elementor-section-wrap\">\n\t\t\t\t\t\t\t<section class=\"elementor-section elementor-top-section elementor-element elementor-element-2944ac3 elementor-section-boxed elementor-section-height-default elementor-section-height-default\" data-id=\"2944ac3\" data-element_type=\"section\">\n\t\t\t\t\t\t<div class=\"elementor-container elementor-column-gap-default\">\n\t\t\t\t\t\t\t<div class=\"elementor-row\">\n\t\t\t\t\t<div class=\"elementor-column elementor-col-50 elementor-top-column elementor-element elementor-element-e700c2b\" data-id=\"e700c2b\" data-element_type=\"column\">\n\t\t\t<div class=\"elementor-column-wrap elementor-element-populated\">\n\t\t\t\t\t\t\t<div class=\"elementor-widget-wrap\">\n\t\t\t\t\t\t<div class=\"elementor-element elementor-element-85667e9 elementor-widget elementor-widget-heading\" data-id=\"85667e9\" data-element_type=\"widget\" data-widget_type=\"heading.default\">\n\t\t\t\t<div class=\"elementor-widget-container\">\n\t\t\t<h1 class=\"elementor-heading-title elementor-size-default\">Bodi prostovoljec<\/h1>\t\t<\/div>\n\t\t\t\t<\/div>\n\t\t\t\t<div class=\"elementor-element elementor-element-9b00fff elementor-widget elementor-widget-text-editor\" data-id=\"9b00fff\" data-element_type=\"widget\" data-widget_type=\"text-editor.default\">\n\t\t\t\t<div class=\"elementor-widget-container\">\n\t\t\t\t\t<div class=\"elementor-text-editor elementor-clearfix\"><p>\u2018Igraj se z mano\u2019 organizira veliko razli\u010dnih dogodkov skozi celo leto.<\/p><p>Na vseh teh dogodkih pomagajo prostovoljci. Prostovoljci so ljudje, ki radi pomagajo. Oni pri nas niso zaposleni. Pridejo v svojem prostem \u010dasu in pomagajo.<\/p><p>V\u010dasih pomagajo organizirati dogodke. V\u010dasih se igrajo z otroki.<\/p><p>Vsako leto na na\u0161i spletni strani objavimo, da i\u0161\u010demo pomo\u010d pri izvedbi \u2018Igraj se z mano\u2019 dogodkov.<\/p><p>Prostovoljci se lahko prijavijo. Lahko se prijavijo tudi prostovoljci iz tujih dr\u017eav.<\/p><p>Prostovoljci iz tujih dr\u017eav se prijavijo prek Evropske solidarnostne enote. To je poseben projekt Evropske unije.\u00a0<a href=\"https:\/\/europa.eu\/youth\/solidarity_sl\" target=\"_blank\" rel=\"noopener\">Tukaj\u00a0<\/a>si lahko prebere\u0161 ve\u010d o Evropski solidarnostni enoti in prostovoljcih.<\/p><\/div>\n\t\t\t\t<\/div>\n\t\t\t\t<\/div>\n\t\t\t\t\t\t<\/div>\n\t\t\t\t\t<\/div>\n\t\t<\/div>\n\t\t\t\t<div class=\"elementor-column elementor-col-50 elementor-top-column elementor-element elementor-element-9976212\" data-id=\"9976212\" data-element_type=\"column\">\n\t\t\t<div class=\"elementor-column-wrap elementor-element-populated\">\n\t\t\t\t\t\t\t<div class=\"elementor-widget-wrap\">\n\t\t\t\t\t\t<div class=\"elementor-element elementor-element-cf7e084 elementor-widget elementor-widget-image\" data-id=\"cf7e084\" data-element_type=\"widget\" data-widget_type=\"image.default\">\n\t\t\t\t<div class=\"elementor-widget-container\">\n\t\t\t\t\t<div class=\"elementor-image\">\n\t\t\t\t\t\t\t\t\t\t<img loading=\"lazy\" decoding=\"async\" width=\"490\" height=\"367\" src=\"https:\/\/igrajsezmano.eu\/wp-content\/uploads\/2020\/10\/106534825_2610868242349183_8967220234440110581_o-copy.jpg\" class=\"attachment-full size-full\" alt=\"\" srcset=\"https:\/\/igrajsezmano.eu\/wp-content\/uploads\/2020\/10\/106534825_2610868242349183_8967220234440110581_o-copy.jpg 490w, https:\/\/igrajsezmano.eu\/wp-content\/uploads\/2020\/10\/106534825_2610868242349183_8967220234440110581_o-copy-300x225.jpg 300w\" sizes=\"auto, (max-width: 490px) 100vw, 490px\" \/>\t\t\t\t\t\t\t\t\t\t\t<\/div>\n\t\t\t\t<\/div>\n\t\t\t\t<\/div>\n\t\t\t\t<div class=\"jet-parallax-widget elementor-element elementor-element-460b6a2 elementor-widget__width-initial elementor-absolute elementor-hidden-phone elementor-widget elementor-widget-image\" data-jet-tricks-settings=\"{&quot;parallax&quot;:&quot;true&quot;,&quot;invert&quot;:&quot;false&quot;,&quot;speed&quot;:{&quot;unit&quot;:&quot;%&quot;,&quot;size&quot;:50},&quot;stickyOn&quot;:[&quot;desktop&quot;,&quot;tablet&quot;,&quot;mobile&quot;]}\" data-id=\"460b6a2\" data-element_type=\"widget\" data-settings=\"{&quot;_position&quot;:&quot;absolute&quot;}\" data-widget_type=\"image.default\">\n\t\t\t\t<div class=\"elementor-widget-container\">\n\t\t\t\t\t<div class=\"elementor-image\">\n\t\t\t\t\t\t\t\t\t\t<img loading=\"lazy\" decoding=\"async\" width=\"141\" height=\"106\" src=\"https:\/\/igrajsezmano.eu\/wp-content\/uploads\/2020\/10\/103098414_2548762278559780_4060993279366503404_o-copy.jpg\" class=\"attachment-full size-full\" alt=\"\" \/>\t\t\t\t\t\t\t\t\t\t\t<\/div>\n\t\t\t\t<\/div>\n\t\t\t\t<\/div>\n\t\t\t\t<div class=\"jet-parallax-widget elementor-element elementor-element-7db6fbe elementor-widget__width-initial elementor-absolute elementor-hidden-phone elementor-widget elementor-widget-image\" data-jet-tricks-settings=\"{&quot;parallax&quot;:&quot;true&quot;,&quot;invert&quot;:&quot;true&quot;,&quot;speed&quot;:{&quot;unit&quot;:&quot;%&quot;,&quot;size&quot;:50},&quot;stickyOn&quot;:[&quot;desktop&quot;,&quot;tablet&quot;,&quot;mobile&quot;]}\" data-id=\"7db6fbe\" data-element_type=\"widget\" data-settings=\"{&quot;_position&quot;:&quot;absolute&quot;}\" data-widget_type=\"image.default\">\n\t\t\t\t<div class=\"elementor-widget-container\">\n\t\t\t\t\t<div class=\"elementor-image\">\n\t\t\t\t\t\t\t\t\t\t<img loading=\"lazy\" decoding=\"async\" width=\"280\" height=\"210\" src=\"https:\/\/igrajsezmano.eu\/wp-content\/uploads\/2020\/10\/119122821_2878271698942168_4734314825701959470_n-copy.jpg\" class=\"attachment-full size-full\" alt=\"\" \/>\t\t\t\t\t\t\t\t\t\t\t<\/div>\n\t\t\t\t<\/div>\n\t\t\t\t<\/div>\n\t\t\t\t\t\t<\/div>\n\t\t\t\t\t<\/div>\n\t\t<\/div>\n\t\t\t\t\t\t\t\t<\/div>\n\t\t\t\t\t<\/div>\n\t\t<\/section>\n\t\t\t\t<section class=\"elementor-section elementor-top-section elementor-element elementor-element-4f99bf2 elementor-section-boxed elementor-section-height-default elementor-section-height-default\" data-id=\"4f99bf2\" data-element_type=\"section\">\n\t\t\t\t\t\t<div class=\"elementor-container elementor-column-gap-default\">\n\t\t\t\t\t\t\t<div class=\"elementor-row\">\n\t\t\t\t\t<div class=\"elementor-column elementor-col-50 elementor-top-column elementor-element elementor-element-eeec27c\" data-id=\"eeec27c\" data-element_type=\"column\">\n\t\t\t<div class=\"elementor-column-wrap elementor-element-populated\">\n\t\t\t\t\t\t\t<div class=\"elementor-widget-wrap\">\n\t\t\t\t\t\t<div class=\"elementor-element elementor-element-604e795 elementor-widget elementor-widget-image\" data-id=\"604e795\" data-element_type=\"widget\" data-widget_type=\"image.default\">\n\t\t\t\t<div class=\"elementor-widget-container\">\n\t\t\t\t\t<div class=\"elementor-image\">\n\t\t\t\t\t\t\t\t\t\t<img loading=\"lazy\" decoding=\"async\" width=\"490\" height=\"367\" src=\"https:\/\/igrajsezmano.eu\/wp-content\/uploads\/2020\/10\/prostovoljci_490x367.jpg\" class=\"attachment-full size-full\" alt=\"\" srcset=\"https:\/\/igrajsezmano.eu\/wp-content\/uploads\/2020\/10\/prostovoljci_490x367.jpg 490w, https:\/\/igrajsezmano.eu\/wp-content\/uploads\/2020\/10\/prostovoljci_490x367-300x225.jpg 300w\" sizes=\"auto, (max-width: 490px) 100vw, 490px\" \/>\t\t\t\t\t\t\t\t\t\t\t<\/div>\n\t\t\t\t<\/div>\n\t\t\t\t<\/div>\n\t\t\t\t<div class=\"jet-parallax-widget elementor-element elementor-element-d11be6b elementor-widget__width-initial elementor-absolute elementor-hidden-phone elementor-widget elementor-widget-image\" data-jet-tricks-settings=\"{&quot;parallax&quot;:&quot;true&quot;,&quot;invert&quot;:&quot;false&quot;,&quot;speed&quot;:{&quot;unit&quot;:&quot;%&quot;,&quot;size&quot;:50},&quot;stickyOn&quot;:[&quot;desktop&quot;,&quot;tablet&quot;,&quot;mobile&quot;]}\" data-id=\"d11be6b\" data-element_type=\"widget\" data-settings=\"{&quot;_position&quot;:&quot;absolute&quot;}\" data-widget_type=\"image.default\">\n\t\t\t\t<div class=\"elementor-widget-container\">\n\t\t\t\t\t<div class=\"elementor-image\">\n\t\t\t\t\t\t\t\t\t\t<img loading=\"lazy\" decoding=\"async\" width=\"141\" height=\"106\" src=\"https:\/\/igrajsezmano.eu\/wp-content\/uploads\/2020\/10\/prostovoljci_141x106.jpg\" class=\"attachment-full size-full\" alt=\"\" \/>\t\t\t\t\t\t\t\t\t\t\t<\/div>\n\t\t\t\t<\/div>\n\t\t\t\t<\/div>\n\t\t\t\t<div class=\"jet-parallax-widget elementor-element elementor-element-dc6d82d elementor-widget__width-initial elementor-absolute elementor-hidden-phone elementor-widget elementor-widget-image\" data-jet-tricks-settings=\"{&quot;parallax&quot;:&quot;true&quot;,&quot;invert&quot;:&quot;true&quot;,&quot;speed&quot;:{&quot;unit&quot;:&quot;%&quot;,&quot;size&quot;:50},&quot;stickyOn&quot;:[&quot;desktop&quot;,&quot;tablet&quot;,&quot;mobile&quot;]}\" data-id=\"dc6d82d\" data-element_type=\"widget\" data-settings=\"{&quot;_position&quot;:&quot;absolute&quot;}\" data-widget_type=\"image.default\">\n\t\t\t\t<div class=\"elementor-widget-container\">\n\t\t\t\t\t<div class=\"elementor-image\">\n\t\t\t\t\t\t\t\t\t\t<img loading=\"lazy\" decoding=\"async\" width=\"280\" height=\"210\" src=\"https:\/\/igrajsezmano.eu\/wp-content\/uploads\/2020\/10\/prostovoljci_280x210.jpg\" class=\"attachment-full size-full\" alt=\"\" \/>\t\t\t\t\t\t\t\t\t\t\t<\/div>\n\t\t\t\t<\/div>\n\t\t\t\t<\/div>\n\t\t\t\t\t\t<\/div>\n\t\t\t\t\t<\/div>\n\t\t<\/div>\n\t\t\t\t<div class=\"elementor-column elementor-col-50 elementor-top-column elementor-element elementor-element-7e97fa9\" data-id=\"7e97fa9\" data-element_type=\"column\">\n\t\t\t<div class=\"elementor-column-wrap elementor-element-populated\">\n\t\t\t\t\t\t\t<div class=\"elementor-widget-wrap\">\n\t\t\t\t\t\t<div class=\"elementor-element elementor-element-29b31c3 elementor-widget elementor-widget-heading\" data-id=\"29b31c3\" data-element_type=\"widget\" data-widget_type=\"heading.default\">\n\t\t\t\t<div class=\"elementor-widget-container\">\n\t\t\t<h1 class=\"elementor-heading-title elementor-size-default\">Povabilo za prostovoljce<\/h1>\t\t<\/div>\n\t\t\t\t<\/div>\n\t\t\t\t<div class=\"elementor-element elementor-element-23a420e elementor-widget elementor-widget-text-editor\" data-id=\"23a420e\" data-element_type=\"widget\" data-widget_type=\"text-editor.default\">\n\t\t\t\t<div class=\"elementor-widget-container\">\n\t\t\t\t\t<div class=\"elementor-text-editor elementor-clearfix\"><p>Ali bi rad\/a pomagal\/a pri Igraj se z mano?<br \/>Ali rad\/a \u0161porta\u0161?<br \/>Ali rad\/a ustvarja\u0161?<br \/>Ali bi rad\/a pomagala otrokom s posebnimi potrebami?<br \/>Ali bi rad\/a, da se vsi po\u010dutijo dobro?<\/p><p>Potem nam pi\u0161i.<\/p><p>Lahko si vodja ali pomo\u010dnik umetni\u0161ke delavnice.<br \/>Lahko si vodja ali pomo\u010dnik \u0161portne delavnice.<br \/>Lahko se igra\u0161 z otroci.<br \/>Lahko pomaga\u0161 pri spletni strani &#8216;Igraj se z mano&#8217;\/pri ra\u010dunalnikih.<br \/>Lahko pomaga\u0161 prostovoljcem iz tujih dr\u017eav.<br \/>Tukaj se bo\u0161 zabaval\/a.<br \/>Tukaj bo\u0161 spoznal\/a mojstre za \u017eongliranje, lon\u010darstvo, lutkovno gledali\u0161\u010de.<br \/>Dobil\/a bo\u0161 tudi potrdila o sodelovanju. To potrdilo je koristno za tvoj \u017eivljenjepis. V \u017eivljenjepisu pi\u0161e, kje si do zdaj \u017ee delal\/a.<\/p><p>\u017delimo, da bi se imeli vsi skupaj dobro in lepo!<\/p><p><span style=\"letter-spacing: 0px;\">Za prostovoljca se lahko prijavi\u0161 v na\u0161i pisarni.\u00a0<\/span><span style=\"letter-spacing: 0px;\">Naslov na\u0161e pisarne je: Karlov\u0161ka 18, 1000 Ljubljana.<\/span><\/p><p>Lahko se prijavi\u0161 preko e-po\u0161te. Na\u0161a e-po\u0161ta je: <a href=\"mailto:prostovoljstvo@igrajsezmano.si\">prostovoljstvo@igrajsezmano.si<\/a><\/p><\/div>\n\t\t\t\t<\/div>\n\t\t\t\t<\/div>\n\t\t\t\t\t\t<\/div>\n\t\t\t\t\t<\/div>\n\t\t<\/div>\n\t\t\t\t\t\t\t\t<\/div>\n\t\t\t\t\t<\/div>\n\t\t<\/section>\n\t\t\t\t\t\t<\/div>\n\t\t\t\t\t\t<\/div>\n\t\t\t\t\t<\/div>\n\t\t","protected":false},"excerpt":{"rendered":"<p>Bodi prostovoljec \u2018Igraj se z mano\u2019 organizira veliko razli\u010dnih dogodkov skozi celo leto. Na vseh teh dogodkih pomagajo prostovoljci. Prostovoljci so ljudje, ki radi pomagajo. Oni pri nas niso zaposleni. Pridejo v svojem prostem \u010dasu in pomagajo. V\u010dasih pomagajo organizirati dogodke. V\u010dasih se igrajo z otroki. Vsako leto na na\u0161i spletni strani objavimo, da i\u0161\u010demo [&hellip;]<\/p>\n","protected":false},"author":1,"featured_media":0,"parent":0,"menu_order":0,"comment_status":"closed","ping_status":"closed","template":"page-templates\/fullwidth-content.php","meta":{"footnotes":""},"class_list":["post-19","page","type-page","status-publish","hentry"],"_links":{"self":[{"href":"https:\/\/igrajsezmano.eu\/index.php?rest_route=\/wp\/v2\/pages\/19","targetHints":{"allow":["GET"]}}],"collection":[{"href":"https:\/\/igrajsezmano.eu\/index.php?rest_route=\/wp\/v2\/pages"}],"about":[{"href":"https:\/\/igrajsezmano.eu\/index.php?rest_route=\/wp\/v2\/types\/page"}],"author":[{"embeddable":true,"href":"https:\/\/igrajsezmano.eu\/index.php?rest_route=\/wp\/v2\/users\/1"}],"replies":[{"embeddable":true,"href":"https:\/\/igrajsezmano.eu\/index.php?rest_route=%2Fwp%2Fv2%2Fcomments&post=19"}],"version-history":[{"count":16,"href":"https:\/\/igrajsezmano.eu\/index.php?rest_route=\/wp\/v2\/pages\/19\/revisions"}],"predecessor-version":[{"id":893,"href":"https:\/\/igrajsezmano.eu\/index.php?rest_route=\/wp\/v2\/pages\/19\/revisions\/893"}],"wp:attachment":[{"href":"https:\/\/igrajsezmano.eu\/index.php?rest_route=%2Fwp%2Fv2%2Fmedia&parent=19"}],"curies":[{"name":"wp","href":"https:\/\/api.w.org\/{rel}","templated":true}]}}