{"id":399,"date":"2020-10-08T06:41:51","date_gmt":"2020-10-08T06:41:51","guid":{"rendered":"http:\/\/igrajsezmano.eu\/?page_id=399"},"modified":"2021-09-02T09:10:18","modified_gmt":"2021-09-02T08:10:18","slug":"bodipopotnik","status":"publish","type":"page","link":"https:\/\/igrajsezmano.eu\/?page_id=399","title":{"rendered":"Bodi popotnik"},"content":{"rendered":"\t\t<div data-elementor-type=\"wp-page\" data-elementor-id=\"399\" class=\"elementor elementor-399\" data-elementor-settings=\"[]\">\n\t\t\t\t\t\t<div class=\"elementor-inner\">\n\t\t\t\t\t\t\t<div class=\"elementor-section-wrap\">\n\t\t\t\t\t\t\t<section class=\"elementor-section elementor-top-section elementor-element elementor-element-948a41f elementor-section-boxed elementor-section-height-default elementor-section-height-default\" data-id=\"948a41f\" data-element_type=\"section\">\n\t\t\t\t\t\t<div class=\"elementor-container elementor-column-gap-default\">\n\t\t\t\t\t\t\t<div class=\"elementor-row\">\n\t\t\t\t\t<div class=\"elementor-column elementor-col-50 elementor-top-column elementor-element elementor-element-6bd79f5\" data-id=\"6bd79f5\" data-element_type=\"column\">\n\t\t\t<div class=\"elementor-column-wrap elementor-element-populated\">\n\t\t\t\t\t\t\t<div class=\"elementor-widget-wrap\">\n\t\t\t\t\t\t<div class=\"elementor-element elementor-element-b361645 elementor-widget elementor-widget-heading\" data-id=\"b361645\" data-element_type=\"widget\" data-widget_type=\"heading.default\">\n\t\t\t\t<div class=\"elementor-widget-container\">\n\t\t\t<h1 class=\"elementor-heading-title elementor-size-default\">Bodi popotnik<\/h1>\t\t<\/div>\n\t\t\t\t<\/div>\n\t\t\t\t<div class=\"elementor-element elementor-element-151c8dc elementor-widget elementor-widget-text-editor\" data-id=\"151c8dc\" data-element_type=\"widget\" data-widget_type=\"text-editor.default\">\n\t\t\t\t<div class=\"elementor-widget-container\">\n\t\t\t\t\t<div class=\"elementor-text-editor elementor-clearfix\"><p><strong>Bodi popotnik<\/strong> je del projekta <strong>\u2018Igraj se z mano\u2019<\/strong>.<\/p>\n<p>Bodi popotnik zdru\u017euje ve\u010d dogodkov. Ti dogodki se odvijajo skozi celo leto.<\/p>\n<p>Otroci in mladi potujejo po celi Evropi. Potujejo v hribe, na morje in \u0161e kam drugam.<\/p>\n<p>Tam se dru\u017eijo, u\u010dijo in \u0161portajo. Povezujejo se med sabo v skupini. Povezujejo se tudi z u\u010ditelji. Krepijo svoje zdravje in samozavest. Tako postajajo bolj samostojni in neodvisni.<\/p>\n<p><strong>JADRANJE<\/strong><\/p>\n<p>Poteka 5 \u2013 7 dni konec junija ali sredi septembra. U\u010denci in u\u010ditelji \u017eivijo skupaj na jadrnici. Tam skrbijo za red in \u010disto\u010do. U\u010dijo se biti potrpe\u017eljivi in re\u0161evati prepire.<\/p>\n<p><strong>\u201cIZ NARAVE V NARAVO\u201d<\/strong><\/p>\n<p>Poteka 5 dni konec septembra ali za\u010detek oktobra v hribih v okolici Kranjske gore.<br>U\u010denci in u\u010ditelji vseh \u0161ol Centra Janeza Levca Ljubljana in drugih \u0161ol \u017eivijo v vili Vili. Tam se igrajo in povezujejo.<\/p>\n<p><strong>U\u010cIMO SE SKUPAJ Z LJUDMI PO CELI EVROPI<\/strong><\/p>\n<p>Mladi potujejo v drugo dr\u017eavo. Tam se u\u010dijo o ekologiji, \u0161portu, umetnosti in sociali. Povezujejo se z drugimi mladimi iz razli\u010dnih dr\u017eav. Vsako leto se na teh dogodkih u\u010di ve\u010d kot 100 otrok in ve\u010d kot 30 u\u010diteljev.<br>Tak\u0161ni dogodki se financirajo iz evropskih sredstev. To je denar, ki ga Evropska unija razdeli med razli\u010dne projekte.<\/p>\n<p><\/p><\/div>\n\t\t\t\t<\/div>\n\t\t\t\t<\/div>\n\t\t\t\t\t\t<\/div>\n\t\t\t\t\t<\/div>\n\t\t<\/div>\n\t\t\t\t<div class=\"elementor-column elementor-col-50 elementor-top-column elementor-element elementor-element-6975f1c\" data-id=\"6975f1c\" data-element_type=\"column\">\n\t\t\t<div class=\"elementor-column-wrap elementor-element-populated\">\n\t\t\t\t\t\t\t<div class=\"elementor-widget-wrap\">\n\t\t\t\t\t\t<div class=\"elementor-element elementor-element-eb12672 elementor-widget elementor-widget-image\" data-id=\"eb12672\" data-element_type=\"widget\" data-widget_type=\"image.default\">\n\t\t\t\t<div class=\"elementor-widget-container\">\n\t\t\t\t\t<div class=\"elementor-image\">\n\t\t\t\t\t\t\t\t\t\t<img loading=\"lazy\" decoding=\"async\" width=\"490\" height=\"367\" src=\"https:\/\/igrajsezmano.eu\/wp-content\/uploads\/2020\/11\/BodiPopotnik1.jpg\" class=\"attachment-full size-full\" alt=\"\" srcset=\"https:\/\/igrajsezmano.eu\/wp-content\/uploads\/2020\/11\/BodiPopotnik1.jpg 490w, https:\/\/igrajsezmano.eu\/wp-content\/uploads\/2020\/11\/BodiPopotnik1-300x225.jpg 300w\" sizes=\"auto, (max-width: 490px) 100vw, 490px\" \/>\t\t\t\t\t\t\t\t\t\t\t<\/div>\n\t\t\t\t<\/div>\n\t\t\t\t<\/div>\n\t\t\t\t<div class=\"jet-parallax-widget elementor-element elementor-element-44ae658 elementor-widget__width-initial elementor-absolute elementor-hidden-phone elementor-widget elementor-widget-image\" data-jet-tricks-settings=\"{&quot;parallax&quot;:&quot;true&quot;,&quot;invert&quot;:&quot;false&quot;,&quot;speed&quot;:{&quot;unit&quot;:&quot;%&quot;,&quot;size&quot;:50},&quot;stickyOn&quot;:[&quot;desktop&quot;,&quot;tablet&quot;,&quot;mobile&quot;]}\" data-id=\"44ae658\" data-element_type=\"widget\" data-settings=\"{&quot;_position&quot;:&quot;absolute&quot;}\" data-widget_type=\"image.default\">\n\t\t\t\t<div class=\"elementor-widget-container\">\n\t\t\t\t\t<div class=\"elementor-image\">\n\t\t\t\t\t\t\t\t\t\t<img loading=\"lazy\" decoding=\"async\" width=\"141\" height=\"106\" src=\"https:\/\/igrajsezmano.eu\/wp-content\/uploads\/2020\/11\/BodiPopotnik3.jpg\" class=\"attachment-full size-full\" alt=\"\" \/>\t\t\t\t\t\t\t\t\t\t\t<\/div>\n\t\t\t\t<\/div>\n\t\t\t\t<\/div>\n\t\t\t\t<div class=\"jet-parallax-widget elementor-element elementor-element-7af195a elementor-widget__width-initial elementor-absolute elementor-hidden-phone elementor-widget elementor-widget-image\" data-jet-tricks-settings=\"{&quot;parallax&quot;:&quot;true&quot;,&quot;invert&quot;:&quot;true&quot;,&quot;speed&quot;:{&quot;unit&quot;:&quot;%&quot;,&quot;size&quot;:50},&quot;stickyOn&quot;:[&quot;desktop&quot;,&quot;tablet&quot;,&quot;mobile&quot;]}\" data-id=\"7af195a\" data-element_type=\"widget\" data-settings=\"{&quot;_position&quot;:&quot;absolute&quot;}\" data-widget_type=\"image.default\">\n\t\t\t\t<div class=\"elementor-widget-container\">\n\t\t\t\t\t<div class=\"elementor-image\">\n\t\t\t\t\t\t\t\t\t\t<img loading=\"lazy\" decoding=\"async\" width=\"280\" height=\"210\" src=\"https:\/\/igrajsezmano.eu\/wp-content\/uploads\/2020\/11\/BodiPopotnik2.jpg\" class=\"attachment-full size-full\" alt=\"\" \/>\t\t\t\t\t\t\t\t\t\t\t<\/div>\n\t\t\t\t<\/div>\n\t\t\t\t<\/div>\n\t\t\t\t\t\t<\/div>\n\t\t\t\t\t<\/div>\n\t\t<\/div>\n\t\t\t\t\t\t\t\t<\/div>\n\t\t\t\t\t<\/div>\n\t\t<\/section>\n\t\t\t\t\t\t<\/div>\n\t\t\t\t\t\t<\/div>\n\t\t\t\t\t<\/div>\n\t\t","protected":false},"excerpt":{"rendered":"<p>Bodi popotnik Bodi popotnik je del projekta \u2018Igraj se z mano\u2019. Bodi popotnik zdru\u017euje ve\u010d dogodkov. Ti dogodki se odvijajo skozi celo leto. Otroci in mladi potujejo po celi Evropi. Potujejo v hribe, na morje in \u0161e kam drugam. Tam se dru\u017eijo, u\u010dijo in \u0161portajo. Povezujejo se med sabo v skupini. Povezujejo se tudi z [&hellip;]<\/p>\n","protected":false},"author":1,"featured_media":0,"parent":0,"menu_order":0,"comment_status":"closed","ping_status":"open","template":"page-templates\/fullwidth-content.php","meta":{"footnotes":""},"class_list":["post-399","page","type-page","status-publish","hentry"],"_links":{"self":[{"href":"https:\/\/igrajsezmano.eu\/index.php?rest_route=\/wp\/v2\/pages\/399","targetHints":{"allow":["GET"]}}],"collection":[{"href":"https:\/\/igrajsezmano.eu\/index.php?rest_route=\/wp\/v2\/pages"}],"about":[{"href":"https:\/\/igrajsezmano.eu\/index.php?rest_route=\/wp\/v2\/types\/page"}],"author":[{"embeddable":true,"href":"https:\/\/igrajsezmano.eu\/index.php?rest_route=\/wp\/v2\/users\/1"}],"replies":[{"embeddable":true,"href":"https:\/\/igrajsezmano.eu\/index.php?rest_route=%2Fwp%2Fv2%2Fcomments&post=399"}],"version-history":[{"count":11,"href":"https:\/\/igrajsezmano.eu\/index.php?rest_route=\/wp\/v2\/pages\/399\/revisions"}],"predecessor-version":[{"id":1641,"href":"https:\/\/igrajsezmano.eu\/index.php?rest_route=\/wp\/v2\/pages\/399\/revisions\/1641"}],"wp:attachment":[{"href":"https:\/\/igrajsezmano.eu\/index.php?rest_route=%2Fwp%2Fv2%2Fmedia&parent=399"}],"curies":[{"name":"wp","href":"https:\/\/api.w.org\/{rel}","templated":true}]}}