{"id":648,"date":"2020-10-26T11:33:00","date_gmt":"2020-10-26T11:33:00","guid":{"rendered":"http:\/\/igrajsezmano.eu\/?page_id=648"},"modified":"2020-10-26T11:34:40","modified_gmt":"2020-10-26T11:34:40","slug":"festivalvtujini","status":"publish","type":"page","link":"https:\/\/igrajsezmano.eu\/?page_id=648","title":{"rendered":"Festival v tujini"},"content":{"rendered":"\t\t<div data-elementor-type=\"wp-page\" data-elementor-id=\"648\" class=\"elementor elementor-648\" data-elementor-settings=\"[]\">\n\t\t\t\t\t\t<div class=\"elementor-inner\">\n\t\t\t\t\t\t\t<div class=\"elementor-section-wrap\">\n\t\t\t\t\t\t\t<section class=\"elementor-section elementor-top-section elementor-element elementor-element-a2be519 elementor-section-boxed elementor-section-height-default elementor-section-height-default\" data-id=\"a2be519\" data-element_type=\"section\">\n\t\t\t\t\t\t<div class=\"elementor-container elementor-column-gap-default\">\n\t\t\t\t\t\t\t<div class=\"elementor-row\">\n\t\t\t\t\t<div class=\"elementor-column elementor-col-50 elementor-top-column elementor-element elementor-element-a6e21bc\" data-id=\"a6e21bc\" data-element_type=\"column\">\n\t\t\t<div class=\"elementor-column-wrap elementor-element-populated\">\n\t\t\t\t\t\t\t<div class=\"elementor-widget-wrap\">\n\t\t\t\t\t\t<div class=\"elementor-element elementor-element-b594076 elementor-widget elementor-widget-heading\" data-id=\"b594076\" data-element_type=\"widget\" data-widget_type=\"heading.default\">\n\t\t\t\t<div class=\"elementor-widget-container\">\n\t\t\t<h1 class=\"elementor-heading-title elementor-size-default\">Festival v tujini<\/h1>\t\t<\/div>\n\t\t\t\t<\/div>\n\t\t\t\t<div class=\"elementor-element elementor-element-4b71dcb elementor-widget elementor-widget-text-editor\" data-id=\"4b71dcb\" data-element_type=\"widget\" data-widget_type=\"text-editor.default\">\n\t\t\t\t<div class=\"elementor-widget-container\">\n\t\t\t\t\t<div class=\"elementor-text-editor elementor-clearfix\"><p>Mednarodni festival \u2018Igraj se z mano\u2019 je edini inkluzivni festival v Evropi. Na\u0161e sporo\u010dilo \u017eelimo raz\u0161iriti med \u010dimve\u010d ljudi. Prek igre \u017eelimo oblikovati bolj strpno, enakopravno in odprto dru\u017ebo.<\/p><p>Leta 2015 smo skupaj z lokalnimi organizatorji festival izvedli na Hrva\u0161kem, Poljskem in Norve\u0161kem. V letu 2016 so festival lokalni organizatorji pripravili v \u010crni Gori in na Hrva\u0161kem.<\/p><\/div>\n\t\t\t\t<\/div>\n\t\t\t\t<\/div>\n\t\t\t\t\t\t<\/div>\n\t\t\t\t\t<\/div>\n\t\t<\/div>\n\t\t\t\t<div class=\"elementor-column elementor-col-50 elementor-top-column elementor-element elementor-element-400db57\" data-id=\"400db57\" data-element_type=\"column\">\n\t\t\t<div class=\"elementor-column-wrap elementor-element-populated\">\n\t\t\t\t\t\t\t<div class=\"elementor-widget-wrap\">\n\t\t\t\t\t\t<div class=\"elementor-element elementor-element-313a1a7 elementor-widget elementor-widget-image\" data-id=\"313a1a7\" data-element_type=\"widget\" data-widget_type=\"image.default\">\n\t\t\t\t<div class=\"elementor-widget-container\">\n\t\t\t\t\t<div class=\"elementor-image\">\n\t\t\t\t\t\t\t\t\t\t<img loading=\"lazy\" decoding=\"async\" width=\"960\" height=\"720\" src=\"https:\/\/igrajsezmano.eu\/wp-content\/uploads\/2020\/10\/ISZM_960x720.jpg\" class=\"attachment-full size-full\" alt=\"\" srcset=\"https:\/\/igrajsezmano.eu\/wp-content\/uploads\/2020\/10\/ISZM_960x720.jpg 960w, https:\/\/igrajsezmano.eu\/wp-content\/uploads\/2020\/10\/ISZM_960x720-300x225.jpg 300w, https:\/\/igrajsezmano.eu\/wp-content\/uploads\/2020\/10\/ISZM_960x720-768x576.jpg 768w, https:\/\/igrajsezmano.eu\/wp-content\/uploads\/2020\/10\/ISZM_960x720-600x450.jpg 600w\" sizes=\"auto, (max-width: 960px) 100vw, 960px\" \/>\t\t\t\t\t\t\t\t\t\t\t<\/div>\n\t\t\t\t<\/div>\n\t\t\t\t<\/div>\n\t\t\t\t<div class=\"jet-parallax-widget elementor-element elementor-element-2eb0d4b elementor-widget__width-initial elementor-absolute elementor-hidden-phone elementor-widget elementor-widget-image\" data-jet-tricks-settings=\"{&quot;parallax&quot;:&quot;true&quot;,&quot;invert&quot;:&quot;true&quot;,&quot;speed&quot;:{&quot;unit&quot;:&quot;%&quot;,&quot;size&quot;:80,&quot;sizes&quot;:[]},&quot;stickyOn&quot;:[&quot;desktop&quot;,&quot;tablet&quot;,&quot;mobile&quot;]}\" data-id=\"2eb0d4b\" data-element_type=\"widget\" data-settings=\"{&quot;_position&quot;:&quot;absolute&quot;}\" data-widget_type=\"image.default\">\n\t\t\t\t<div class=\"elementor-widget-container\">\n\t\t\t\t\t<div class=\"elementor-image\">\n\t\t\t\t\t\t\t\t\t\t<img loading=\"lazy\" decoding=\"async\" width=\"960\" height=\"720\" src=\"https:\/\/igrajsezmano.eu\/wp-content\/uploads\/2020\/10\/ISZM_960x720-2.jpg\" class=\"attachment-full size-full\" alt=\"\" srcset=\"https:\/\/igrajsezmano.eu\/wp-content\/uploads\/2020\/10\/ISZM_960x720-2.jpg 960w, https:\/\/igrajsezmano.eu\/wp-content\/uploads\/2020\/10\/ISZM_960x720-2-300x225.jpg 300w, https:\/\/igrajsezmano.eu\/wp-content\/uploads\/2020\/10\/ISZM_960x720-2-768x576.jpg 768w, https:\/\/igrajsezmano.eu\/wp-content\/uploads\/2020\/10\/ISZM_960x720-2-600x450.jpg 600w\" sizes=\"auto, (max-width: 960px) 100vw, 960px\" \/>\t\t\t\t\t\t\t\t\t\t\t<\/div>\n\t\t\t\t<\/div>\n\t\t\t\t<\/div>\n\t\t\t\t<div class=\"jet-parallax-widget elementor-element elementor-element-e45e6ff elementor-widget__width-initial elementor-absolute elementor-hidden-phone elementor-widget elementor-widget-image\" data-jet-tricks-settings=\"{&quot;parallax&quot;:&quot;true&quot;,&quot;invert&quot;:&quot;true&quot;,&quot;speed&quot;:{&quot;unit&quot;:&quot;%&quot;,&quot;size&quot;:50},&quot;stickyOn&quot;:[&quot;desktop&quot;,&quot;tablet&quot;,&quot;mobile&quot;]}\" data-id=\"e45e6ff\" data-element_type=\"widget\" data-settings=\"{&quot;_position&quot;:&quot;absolute&quot;}\" data-widget_type=\"image.default\">\n\t\t\t\t<div class=\"elementor-widget-container\">\n\t\t\t\t\t<div class=\"elementor-image\">\n\t\t\t\t\t\t\t\t\t\t<img loading=\"lazy\" decoding=\"async\" width=\"960\" height=\"640\" src=\"https:\/\/igrajsezmano.eu\/wp-content\/uploads\/2020\/10\/ISZM_960x640.jpg\" class=\"attachment-full size-full\" alt=\"\" srcset=\"https:\/\/igrajsezmano.eu\/wp-content\/uploads\/2020\/10\/ISZM_960x640.jpg 960w, https:\/\/igrajsezmano.eu\/wp-content\/uploads\/2020\/10\/ISZM_960x640-300x200.jpg 300w, https:\/\/igrajsezmano.eu\/wp-content\/uploads\/2020\/10\/ISZM_960x640-768x512.jpg 768w, https:\/\/igrajsezmano.eu\/wp-content\/uploads\/2020\/10\/ISZM_960x640-600x400.jpg 600w\" sizes=\"auto, (max-width: 960px) 100vw, 960px\" \/>\t\t\t\t\t\t\t\t\t\t\t<\/div>\n\t\t\t\t<\/div>\n\t\t\t\t<\/div>\n\t\t\t\t\t\t<\/div>\n\t\t\t\t\t<\/div>\n\t\t<\/div>\n\t\t\t\t\t\t\t\t<\/div>\n\t\t\t\t\t<\/div>\n\t\t<\/section>\n\t\t\t\t\t\t<\/div>\n\t\t\t\t\t\t<\/div>\n\t\t\t\t\t<\/div>\n\t\t","protected":false},"excerpt":{"rendered":"<p>Festival v tujini Mednarodni festival \u2018Igraj se z mano\u2019 je edini inkluzivni festival v Evropi. Na\u0161e sporo\u010dilo \u017eelimo raz\u0161iriti med \u010dimve\u010d ljudi. Prek igre \u017eelimo oblikovati bolj strpno, enakopravno in odprto dru\u017ebo. Leta 2015 smo skupaj z lokalnimi organizatorji festival izvedli na Hrva\u0161kem, Poljskem in Norve\u0161kem. V letu 2016 so festival lokalni organizatorji pripravili v [&hellip;]<\/p>\n","protected":false},"author":1,"featured_media":0,"parent":0,"menu_order":0,"comment_status":"closed","ping_status":"open","template":"page-templates\/fullwidth-content.php","meta":{"footnotes":""},"class_list":["post-648","page","type-page","status-publish","hentry"],"_links":{"self":[{"href":"https:\/\/igrajsezmano.eu\/index.php?rest_route=\/wp\/v2\/pages\/648","targetHints":{"allow":["GET"]}}],"collection":[{"href":"https:\/\/igrajsezmano.eu\/index.php?rest_route=\/wp\/v2\/pages"}],"about":[{"href":"https:\/\/igrajsezmano.eu\/index.php?rest_route=\/wp\/v2\/types\/page"}],"author":[{"embeddable":true,"href":"https:\/\/igrajsezmano.eu\/index.php?rest_route=\/wp\/v2\/users\/1"}],"replies":[{"embeddable":true,"href":"https:\/\/igrajsezmano.eu\/index.php?rest_route=%2Fwp%2Fv2%2Fcomments&post=648"}],"version-history":[{"count":4,"href":"https:\/\/igrajsezmano.eu\/index.php?rest_route=\/wp\/v2\/pages\/648\/revisions"}],"predecessor-version":[{"id":1074,"href":"https:\/\/igrajsezmano.eu\/index.php?rest_route=\/wp\/v2\/pages\/648\/revisions\/1074"}],"wp:attachment":[{"href":"https:\/\/igrajsezmano.eu\/index.php?rest_route=%2Fwp%2Fv2%2Fmedia&parent=648"}],"curies":[{"name":"wp","href":"https:\/\/api.w.org\/{rel}","templated":true}]}}